{"id":701,"date":"2025-04-14T13:23:37","date_gmt":"2025-04-14T13:23:37","guid":{"rendered":"https:\/\/guides-meribel.com\/?page_id=701"},"modified":"2025-09-19T15:47:04","modified_gmt":"2025-09-19T15:47:04","slug":"agenda","status":"publish","type":"page","link":"https:\/\/guides-meribel.com\/en\/agenda\/","title":{"rendered":"Agenda"},"content":{"rendered":"\t\t<div data-elementor-type=\"wp-page\" data-elementor-id=\"701\" class=\"elementor elementor-701\" data-elementor-post-type=\"page\">\n\t\t\t\t<div class=\"elementor-element elementor-element-ae2ab8d e-flex e-con-boxed e-con e-parent\" data-id=\"ae2ab8d\" data-element_type=\"container\" data-e-type=\"container\" data-settings=\"{&quot;background_background&quot;:&quot;classic&quot;}\">\n\t\t\t\t\t<div class=\"e-con-inner\">\n\t\t\t\t<div class=\"elementor-element elementor-element-1252570 elementor-widget elementor-widget-heading\" data-id=\"1252570\" data-element_type=\"widget\" data-e-type=\"widget\" data-widget_type=\"heading.default\">\n\t\t\t\t\t<h1 class=\"elementor-heading-title elementor-size-default\">Agenda<\/h1>\t\t\t\t<\/div>\n\t\t\t\t<div class=\"elementor-element elementor-element-1d85c94 elementor-widget__width-initial elementor-widget-tablet__width-inherit elementor-widget elementor-widget-heading\" data-id=\"1d85c94\" data-element_type=\"widget\" data-e-type=\"widget\" data-widget_type=\"heading.default\">\n\t\t\t\t\t<div class=\"elementor-heading-title elementor-size-default\">Prochaines sorties collectives<\/div>\t\t\t\t<\/div>\n\t\t\t\t\t<\/div>\n\t\t\t\t<\/div>\n\t\t<div class=\"elementor-element elementor-element-835fcc9 e-flex e-con-boxed e-con e-parent\" data-id=\"835fcc9\" data-element_type=\"container\" data-e-type=\"container\">\n\t\t\t\t\t<div class=\"e-con-inner\">\n\t\t<div class=\"elementor-element elementor-element-1b6a684 e-con-full e-flex e-con e-child\" data-id=\"1b6a684\" data-element_type=\"container\" data-e-type=\"container\">\n\t\t\t\t<div class=\"elementor-element elementor-element-60a85fb elementor-widget elementor-widget-jet-listing-grid\" data-id=\"60a85fb\" data-element_type=\"widget\" data-e-type=\"widget\" data-settings=\"{&quot;columns&quot;:&quot;1&quot;}\" data-widget_type=\"jet-listing-grid.default\">\n\t\t\t\t\t<div class=\"jet-listing-grid jet-listing\"><div class=\"jet-listing-not-found jet-listing-grid__items\" data-nav=\"{&quot;enabled&quot;:false,&quot;type&quot;:null,&quot;more_el&quot;:null,&quot;query&quot;:[],&quot;widget_settings&quot;:{&quot;lisitng_id&quot;:693,&quot;posts_num&quot;:6,&quot;columns&quot;:1,&quot;columns_tablet&quot;:1,&quot;columns_mobile&quot;:1,&quot;column_min_width&quot;:240,&quot;column_min_width_tablet&quot;:240,&quot;column_min_width_mobile&quot;:240,&quot;inline_columns_css&quot;:false,&quot;is_archive_template&quot;:&quot;&quot;,&quot;post_status&quot;:[&quot;publish&quot;],&quot;use_random_posts_num&quot;:&quot;&quot;,&quot;max_posts_num&quot;:9,&quot;not_found_message&quot;:&quot;No data was found&quot;,&quot;is_masonry&quot;:false,&quot;equal_columns_height&quot;:&quot;&quot;,&quot;use_load_more&quot;:&quot;&quot;,&quot;load_more_id&quot;:&quot;&quot;,&quot;load_more_type&quot;:&quot;click&quot;,&quot;load_more_offset&quot;:null,&quot;use_custom_post_types&quot;:&quot;&quot;,&quot;custom_post_types&quot;:[],&quot;hide_widget_if&quot;:&quot;&quot;,&quot;carousel_enabled&quot;:&quot;&quot;,&quot;slides_to_scroll&quot;:&quot;1&quot;,&quot;arrows&quot;:&quot;true&quot;,&quot;arrow_icon&quot;:&quot;fa fa-angle-left&quot;,&quot;dots&quot;:&quot;&quot;,&quot;autoplay&quot;:&quot;true&quot;,&quot;pause_on_hover&quot;:&quot;true&quot;,&quot;autoplay_speed&quot;:5000,&quot;infinite&quot;:&quot;true&quot;,&quot;center_mode&quot;:&quot;&quot;,&quot;effect&quot;:&quot;slide&quot;,&quot;speed&quot;:500,&quot;inject_alternative_items&quot;:&quot;&quot;,&quot;injection_items&quot;:[],&quot;scroll_slider_enabled&quot;:&quot;&quot;,&quot;scroll_slider_on&quot;:[&quot;desktop&quot;,&quot;tablet&quot;,&quot;mobile&quot;],&quot;custom_query&quot;:&quot;yes&quot;,&quot;custom_query_id&quot;:&quot;5&quot;,&quot;_element_id&quot;:&quot;&quot;,&quot;collapse_first_last_gap&quot;:&quot;true&quot;,&quot;list_tag_selection&quot;:&quot;&quot;,&quot;list_items_wrapper_tag&quot;:&quot;div&quot;,&quot;list_item_tag&quot;:&quot;div&quot;,&quot;empty_items_wrapper_tag&quot;:&quot;div&quot;}}\" data-listing-source=\"query\" data-listing-id=\"693\" data-query-id=\"5\" data-queried-id=\"701|WP_Post\"><\/div><\/div>\t\t\t\t<\/div>\n\t\t\t\t<\/div>\n\t\t<div class=\"elementor-element elementor-element-e0fa2e2 e-con-full elementor-hidden-tablet elementor-hidden-mobile e-flex e-con e-child\" data-id=\"e0fa2e2\" data-element_type=\"container\" data-e-type=\"container\" data-settings=\"{&quot;sticky&quot;:&quot;top&quot;,&quot;sticky_on&quot;:[&quot;desktop&quot;],&quot;sticky_offset&quot;:114,&quot;sticky_parent&quot;:&quot;yes&quot;,&quot;sticky_effects_offset&quot;:0,&quot;sticky_anchor_link_offset&quot;:0}\">\n\t\t<div class=\"elementor-element elementor-element-bc077b8 e-con-full e-flex e-con e-child\" data-id=\"bc077b8\" data-element_type=\"container\" data-e-type=\"container\" data-settings=\"{&quot;background_background&quot;:&quot;classic&quot;}\">\n\t\t\t\t<div class=\"elementor-element elementor-element-f708dce elementor-widget elementor-widget-heading\" data-id=\"f708dce\" data-element_type=\"widget\" data-e-type=\"widget\" data-widget_type=\"heading.default\">\n\t\t\t\t\t<div class=\"elementor-heading-title elementor-size-default\">R\u00e9server<\/div>\t\t\t\t<\/div>\n\t\t\t\t<div class=\"elementor-element elementor-element-0d8a668 elementor-align-justify elementor-widget elementor-widget-button\" data-id=\"0d8a668\" data-element_type=\"widget\" data-e-type=\"widget\" data-widget_type=\"button.default\">\n\t\t\t\t\t\t\t\t\t\t<a class=\"elementor-button elementor-button-link elementor-size-sm\" href=\"https:\/\/guides-meribel.com\/en\/contact\/\" target=\"_blank\" rel=\"nofollow\">\n\t\t\t\t\t\t<span class=\"elementor-button-content-wrapper\">\n\t\t\t\t\t\t<span class=\"elementor-button-icon\">\n\t\t\t\t<svg xmlns=\"http:\/\/www.w3.org\/2000\/svg\" id=\"Layer_1\" data-name=\"Layer 1\" viewBox=\"0 0 24 24\" width=\"512\" height=\"512\"><path d=\"M20,8a4,4,0,0,1,0-8A4,4,0,0,1,20,8Zm1.452,16H12.589a2.548,2.548,0,0,1-2.221-1.26,2.463,2.463,0,0,1-.029-2.471l4.436-7.959a2.6,2.6,0,0,1,4.5,0L23.7,20.263a2.468,2.468,0,0,1-.028,2.475A2.551,2.551,0,0,1,21.452,24ZM8.644,23.754A4.45,4.45,0,0,1,8.591,19.3l4.437-7.96a4.519,4.519,0,0,1,1.507-1.605L12.944,6.755a3.344,3.344,0,0,0-5.885,0L.406,19.055A3.351,3.351,0,0,0,3.35,24H8.8C8.745,23.92,8.693,23.838,8.644,23.754Z\"><\/path><\/svg>\t\t\t<\/span>\n\t\t\t\t\t\t\t\t\t<span class=\"elementor-button-text\">R\u00e9server<\/span>\n\t\t\t\t\t<\/span>\n\t\t\t\t\t<\/a>\n\t\t\t\t\t\t\t\t<\/div>\n\t\t\t\t<div class=\"elementor-element elementor-element-8e053ce elementor-align-justify elementor-widget elementor-widget-button\" data-id=\"8e053ce\" data-element_type=\"widget\" data-e-type=\"widget\" data-widget_type=\"button.default\">\n\t\t\t\t\t\t\t\t\t\t<a class=\"elementor-button elementor-button-link elementor-size-sm\" href=\"tel:+33%206%2043%2089%2072%2091\">\n\t\t\t\t\t\t<span class=\"elementor-button-content-wrapper\">\n\t\t\t\t\t\t<span class=\"elementor-button-icon\">\n\t\t\t\t<svg xmlns=\"http:\/\/www.w3.org\/2000\/svg\" id=\"Layer_1\" data-name=\"Layer 1\" viewBox=\"0 0 24 24\" width=\"512\" height=\"512\"><path d=\"M12,0C5.383,0,0,5.383,0,12s5.383,12,12,12,12-5.383,12-12S18.617,0,12,0Zm-3.143,18c-.723,0-1.449-.261-2-.813l-.522-.6c-.446-.446-.446-1.17,0-1.616l1.302-1c.446-.446,1.17-.446,1.616,0l1.069,.851c2.071-.791,3.599-2.256,4.5-4.5l-.851-1.069c-.446-.446-.446-1.17,0-1.616l1-1.302c.446-.446,1.17-.446,1.616,0l.6,.522c.552,.551,.813,1.277,.813,2,0,4-5.429,9.143-9.143,9.143Z\"><\/path><\/svg>\t\t\t<\/span>\n\t\t\t\t\t\t\t\t\t<span class=\"elementor-button-text\">+33 6 43 89 72 91<\/span>\n\t\t\t\t\t<\/span>\n\t\t\t\t\t<\/a>\n\t\t\t\t\t\t\t\t<\/div>\n\t\t\t\t<\/div>\n\t\t<div class=\"elementor-element elementor-element-a62ccd2 e-con-full e-flex e-con e-child\" data-id=\"a62ccd2\" data-element_type=\"container\" data-e-type=\"container\" data-settings=\"{&quot;background_background&quot;:&quot;classic&quot;}\">\n\t\t\t\t<div class=\"elementor-element elementor-element-d9b026e elementor-widget elementor-widget-heading\" data-id=\"d9b026e\" data-element_type=\"widget\" data-e-type=\"widget\" data-widget_type=\"heading.default\">\n\t\t\t\t\t<div class=\"elementor-heading-title elementor-size-default\">Guides de m\u00e9ribel<\/div>\t\t\t\t<\/div>\n\t\t\t\t<div class=\"elementor-element elementor-element-a482abb elementor-position-inline-start saison elementor-view-default elementor-mobile-position-block-start elementor-widget elementor-widget-icon-box\" data-id=\"a482abb\" data-element_type=\"widget\" data-e-type=\"widget\" data-widget_type=\"icon-box.default\">\n\t\t\t\t\t\t\t<div class=\"elementor-icon-box-wrapper\">\n\n\t\t\t\t\t\t<div class=\"elementor-icon-box-icon\">\n\t\t\t\t<span  class=\"elementor-icon\">\n\t\t\t\t<svg xmlns=\"http:\/\/www.w3.org\/2000\/svg\" id=\"Layer_1\" data-name=\"Layer 1\" viewBox=\"0 0 24 24\" width=\"512\" height=\"512\"><path d=\"M20,8a4,4,0,0,1,0-8A4,4,0,0,1,20,8Zm1.452,16H12.589a2.548,2.548,0,0,1-2.221-1.26,2.463,2.463,0,0,1-.029-2.471l4.436-7.959a2.6,2.6,0,0,1,4.5,0L23.7,20.263a2.468,2.468,0,0,1-.028,2.475A2.551,2.551,0,0,1,21.452,24ZM8.644,23.754A4.45,4.45,0,0,1,8.591,19.3l4.437-7.96a4.519,4.519,0,0,1,1.507-1.605L12.944,6.755a3.344,3.344,0,0,0-5.885,0L.406,19.055A3.351,3.351,0,0,0,3.35,24H8.8C8.745,23.92,8.693,23.838,8.644,23.754Z\"><\/path><\/svg>\t\t\t\t<\/span>\n\t\t\t<\/div>\n\t\t\t\n\t\t\t\t\t\t<div class=\"elementor-icon-box-content\">\n\n\t\t\t\t\t\t\t\t\t<p class=\"elementor-icon-box-title\">\n\t\t\t\t\t\t<span  >\n\t\t\t\t\t\t\tExpertise in\u00e9gal\u00e9e des 3V\t\t\t\t\t\t<\/span>\n\t\t\t\t\t<\/p>\n\t\t\t\t\n\t\t\t\t\t\t\t\t\t<p class=\"elementor-icon-box-description\">\n\t\t\t\t\t\tNos Guides sont des experts de la verticalit\u00e9 et des 3 Vall\u00e9es dont ils vous feront d\u00e9couvrir les secrets !\n\n\t\t\t\t\t<\/p>\n\t\t\t\t\n\t\t\t<\/div>\n\t\t\t\n\t\t<\/div>\n\t\t\t\t\t\t<\/div>\n\t\t\t\t<div class=\"elementor-element elementor-element-881419e elementor-position-inline-start saison elementor-view-default elementor-mobile-position-block-start elementor-widget elementor-widget-icon-box\" data-id=\"881419e\" data-element_type=\"widget\" data-e-type=\"widget\" data-widget_type=\"icon-box.default\">\n\t\t\t\t\t\t\t<div class=\"elementor-icon-box-wrapper\">\n\n\t\t\t\t\t\t<div class=\"elementor-icon-box-icon\">\n\t\t\t\t<span  class=\"elementor-icon\">\n\t\t\t\t<svg xmlns=\"http:\/\/www.w3.org\/2000\/svg\" id=\"Layer_1\" data-name=\"Layer 1\" viewBox=\"0 0 24 24\"><path d=\"M23.338,12.345l-7.702,8.409c-1.894,2.068-4.57,3.246-7.374,3.246H4c-2.209,0-4-1.791-4-4v-5c0-2.209,1.791-4,4-4h7.787c1.374,0,2.46,1.26,2.164,2.685-.193,.926-1.004,1.598-1.94,1.732l-4.162,.583c-.547,.078-.927,.585-.848,1.131,.078,.547,.585,.926,1.131,.848l4.252-.596c2.062-.294,3.617-2.087,3.617-4.17,0-.219-.032-.429-.065-.638l3.541-3.737c.908-1.04,2.665-1.12,3.672-.157,1.052,.958,1.138,2.602,.189,3.665Zm-15.838-3.345v-2c0-.552,.448-1,1-1h0c.552,0,1,.448,1,1v2h3.5c.715,.082,1.391,.336,2,.66v-2.66c0-1.657-1.343-3-3-3h-.899c.662-.39,1.166-.75,1.179-.76,.918-.689,.991-2.086,.029-2.861-.657-.53-1.564-.505-2.231,.013-1.064,.826-1.467,2.244-1.578,2.881-.111-.637-.514-2.054-1.578-2.881-.667-.518-1.573-.543-2.231-.013-.962,.776-.889,2.173,.029,2.861,.013,.01,.517,.37,1.179,.76h-.899c-1.657,0-3,1.343-3,3v2.219c.478-.138,.978-.219,1.5-.219H7.5Z\"><\/path><\/svg>\t\t\t\t<\/span>\n\t\t\t<\/div>\n\t\t\t\n\t\t\t\t\t\t<div class=\"elementor-icon-box-content\">\n\n\t\t\t\t\t\t\t\t\t<p class=\"elementor-icon-box-title\">\n\t\t\t\t\t\t<span  >\n\t\t\t\t\t\t\tDu haut de gamme sur mesure\t\t\t\t\t\t<\/span>\n\t\t\t\t\t<\/p>\n\t\t\t\t\n\t\t\t\t\t\t\t\t\t<p class=\"elementor-icon-box-description\">\n\t\t\t\t\t\tDe l'initiation familiale aux riders en qu\u00eate d'adr\u00e9naline, nos Guides combleront votre soif d'aventure !\n\n\n\n\n\n\t\t\t\t\t<\/p>\n\t\t\t\t\n\t\t\t<\/div>\n\t\t\t\n\t\t<\/div>\n\t\t\t\t\t\t<\/div>\n\t\t\t\t<\/div>\n\t\t\t\t<\/div>\n\t\t\t\t\t<\/div>\n\t\t\t\t<\/div>\n\t\t<div class=\"elementor-element elementor-element-d90e169 e-flex e-con-boxed e-con e-parent\" data-id=\"d90e169\" data-element_type=\"container\" data-e-type=\"container\" data-settings=\"{&quot;background_background&quot;:&quot;classic&quot;}\">\n\t\t\t\t\t<div class=\"e-con-inner\">\n\t\t\t\t<div class=\"elementor-element elementor-element-36d0366 elementor-widget__width-initial elementor-widget-tablet__width-inherit elementor-widget elementor-widget-heading\" data-id=\"36d0366\" data-element_type=\"widget\" data-e-type=\"widget\" data-widget_type=\"heading.default\">\n\t\t\t\t\t<h2 class=\"elementor-heading-title elementor-size-default\">Faites nous part de vos envies !\n<\/h2>\t\t\t\t<\/div>\n\t\t\t\t<div class=\"elementor-element elementor-element-60415b1 elementor-widget__width-initial elementor-widget-tablet__width-inherit elementor-widget elementor-widget-text-editor\" data-id=\"60415b1\" data-element_type=\"widget\" data-e-type=\"widget\" data-widget_type=\"text-editor.default\">\n\t\t\t\t\t\t\t\t\t<p>Contactez-nous si vous souhaitez davantage d\u2019informations, ou si vous souhaitez r\u00e9server une sortie. Nous saurons aussi vous proposer une offre personnalis\u00e9e si n\u00e9cessaire !<\/p>\t\t\t\t\t\t\t\t<\/div>\n\t\t<div class=\"elementor-element elementor-element-552668a e-con-full e-flex e-con e-child\" data-id=\"552668a\" data-element_type=\"container\" data-e-type=\"container\">\n\t\t\t\t<div class=\"elementor-element elementor-element-d4d171b elementor-mobile-align-justify elementor-widget elementor-widget-button\" data-id=\"d4d171b\" data-element_type=\"widget\" data-e-type=\"widget\" data-widget_type=\"button.default\">\n\t\t\t\t\t\t\t\t\t\t<a class=\"elementor-button elementor-button-link elementor-size-sm\" href=\"https:\/\/guides-meribel.com\/en\/contact\/\">\n\t\t\t\t\t\t<span class=\"elementor-button-content-wrapper\">\n\t\t\t\t\t\t<span class=\"elementor-button-icon\">\n\t\t\t\t<svg xmlns=\"http:\/\/www.w3.org\/2000\/svg\" id=\"Layer_1\" data-name=\"Layer 1\" viewBox=\"0 0 24 24\" width=\"512\" height=\"512\"><path d=\"M20,8a4,4,0,0,1,0-8A4,4,0,0,1,20,8Zm1.452,16H12.589a2.548,2.548,0,0,1-2.221-1.26,2.463,2.463,0,0,1-.029-2.471l4.436-7.959a2.6,2.6,0,0,1,4.5,0L23.7,20.263a2.468,2.468,0,0,1-.028,2.475A2.551,2.551,0,0,1,21.452,24ZM8.644,23.754A4.45,4.45,0,0,1,8.591,19.3l4.437-7.96a4.519,4.519,0,0,1,1.507-1.605L12.944,6.755a3.344,3.344,0,0,0-5.885,0L.406,19.055A3.351,3.351,0,0,0,3.35,24H8.8C8.745,23.92,8.693,23.838,8.644,23.754Z\"><\/path><\/svg>\t\t\t<\/span>\n\t\t\t\t\t\t\t\t\t<span class=\"elementor-button-text\">R\u00e9server<\/span>\n\t\t\t\t\t<\/span>\n\t\t\t\t\t<\/a>\n\t\t\t\t\t\t\t\t<\/div>\n\t\t\t\t<div class=\"elementor-element elementor-element-d3803aa elementor-mobile-align-justify elementor-widget elementor-widget-button\" data-id=\"d3803aa\" data-element_type=\"widget\" data-e-type=\"widget\" data-widget_type=\"button.default\">\n\t\t\t\t\t\t\t\t\t\t<a class=\"elementor-button elementor-button-link elementor-size-sm\" href=\"tel:+33%206%2043%2089%2072%2091\">\n\t\t\t\t\t\t<span class=\"elementor-button-content-wrapper\">\n\t\t\t\t\t\t\t\t\t<span class=\"elementor-button-text\">+33 6 43 89 72 91<\/span>\n\t\t\t\t\t<\/span>\n\t\t\t\t\t<\/a>\n\t\t\t\t\t\t\t\t<\/div>\n\t\t\t\t<\/div>\n\t\t\t\t\t<\/div>\n\t\t\t\t<\/div>\n\t\t\t\t<\/div>\n\t\t","protected":false},"excerpt":{"rendered":"<p>Agenda Prochaines sorties collectives samedi 06 d\u00e9cembre Localisation mardi 23 d\u00e9cembre Localisation Tarifs Prix par participant : 165 \u20ac R\u00e9server R\u00e9server +33 6 43 89 72 91 Guides de m\u00e9ribel Expertise in\u00e9gal\u00e9e des 3V Nos Guides sont des experts de la verticalit\u00e9 et des 3 Vall\u00e9es dont ils vous feront d\u00e9couvrir les secrets ! Du [&hellip;]<\/p>\n","protected":false},"author":1,"featured_media":0,"parent":0,"menu_order":0,"comment_status":"closed","ping_status":"closed","template":"","meta":{"footnotes":""},"class_list":["post-701","page","type-page","status-publish","hentry"],"_links":{"self":[{"href":"https:\/\/guides-meribel.com\/en\/wp-json\/wp\/v2\/pages\/701","targetHints":{"allow":["GET"]}}],"collection":[{"href":"https:\/\/guides-meribel.com\/en\/wp-json\/wp\/v2\/pages"}],"about":[{"href":"https:\/\/guides-meribel.com\/en\/wp-json\/wp\/v2\/types\/page"}],"author":[{"embeddable":true,"href":"https:\/\/guides-meribel.com\/en\/wp-json\/wp\/v2\/users\/1"}],"replies":[{"embeddable":true,"href":"https:\/\/guides-meribel.com\/en\/wp-json\/wp\/v2\/comments?post=701"}],"version-history":[{"count":0,"href":"https:\/\/guides-meribel.com\/en\/wp-json\/wp\/v2\/pages\/701\/revisions"}],"wp:attachment":[{"href":"https:\/\/guides-meribel.com\/en\/wp-json\/wp\/v2\/media?parent=701"}],"curies":[{"name":"wp","href":"https:\/\/api.w.org\/{rel}","templated":true}]}}