{"id":21,"date":"2025-02-24T17:51:07","date_gmt":"2025-02-24T17:51:07","guid":{"rendered":"https:\/\/guides-meribel.com\/?page_id=21"},"modified":"2025-09-16T15:19:22","modified_gmt":"2025-09-16T15:19:22","slug":"legal-information","status":"publish","type":"page","link":"https:\/\/guides-meribel.com\/en\/legal-information\/","title":{"rendered":"Legal information"},"content":{"rendered":"<div data-elementor-type=\"wp-page\" data-elementor-id=\"21\" class=\"elementor elementor-21\" data-elementor-post-type=\"page\">\n\t\t\t\t<div class=\"elementor-element elementor-element-7c77805 e-flex e-con-boxed e-con e-parent\" data-id=\"7c77805\" data-element_type=\"container\" data-e-type=\"container\">\n\t\t\t\t\t<div class=\"e-con-inner\">\n\t\t\t\t<div class=\"elementor-element elementor-element-4d2f32b elementor-widget elementor-widget-heading\" data-id=\"4d2f32b\" data-element_type=\"widget\" data-e-type=\"widget\" data-widget_type=\"heading.default\">\n\t\t\t\t\t<h1 class=\"elementor-heading-title elementor-size-default\">Legal information<\/h1>\t\t\t\t<\/div>\n\t\t\t\t<div class=\"elementor-element elementor-element-e776c3a elementor-widget elementor-widget-heading\" data-id=\"e776c3a\" data-element_type=\"widget\" data-e-type=\"widget\" data-widget_type=\"heading.default\">\n\t\t\t\t\t<h2 class=\"elementor-heading-title elementor-size-default\">Editorial responsibility<\/h2>\t\t\t\t<\/div>\n\t\t\t\t<div class=\"elementor-element elementor-element-32fc973 elementor-widget__width-initial elementor-widget-mobile__width-inherit elementor-widget elementor-widget-text-editor\" data-id=\"32fc973\" data-element_type=\"widget\" data-e-type=\"widget\" data-widget_type=\"text-editor.default\">\n\t\t\t\t\t\t\t\t\t<p>Romain de Lambert is the editorial manager of the guides-meribel.com website.<\/p>\t\t\t\t\t\t\t\t<\/div>\n\t\t\t\t<div class=\"elementor-element elementor-element-782f635 elementor-widget elementor-widget-heading\" data-id=\"782f635\" data-element_type=\"widget\" data-e-type=\"widget\" data-widget_type=\"heading.default\">\n\t\t\t\t\t<h2 class=\"elementor-heading-title elementor-size-default\">Company<\/h2>\t\t\t\t<\/div>\n\t\t\t\t<div class=\"elementor-element elementor-element-5186943 elementor-widget__width-initial elementor-widget-mobile__width-inherit elementor-widget elementor-widget-text-editor\" data-id=\"5186943\" data-element_type=\"widget\" data-e-type=\"widget\" data-widget_type=\"text-editor.default\">\n\t\t\t\t\t\t\t\t\t<p>Synd Local Guides Accomp Vall\u00e9e M\u00e9ribel - M\u00e9ribel Guides Office<br \/>M\u00e9ribel Tourist Office<br \/>73550, Les Allues<br \/>SIRET : 478 320 369 00018<br \/>Soci\u00e9t\u00e9 civile de moyens<\/p>\t\t\t\t\t\t\t\t<\/div>\n\t\t\t\t<div class=\"elementor-element elementor-element-0029825 elementor-widget elementor-widget-heading\" data-id=\"0029825\" data-element_type=\"widget\" data-e-type=\"widget\" data-widget_type=\"heading.default\">\n\t\t\t\t\t<h2 class=\"elementor-heading-title elementor-size-default\">Directed by<\/h2>\t\t\t\t<\/div>\n\t\t\t\t<div class=\"elementor-element elementor-element-00f246a elementor-widget__width-initial elementor-widget-mobile__width-inherit elementor-widget elementor-widget-text-editor\" data-id=\"00f246a\" data-element_type=\"widget\" data-e-type=\"widget\" data-widget_type=\"text-editor.default\">\n\t\t\t\t\t\t\t\t\t<p>Topicimes - Web agency in Le Mans<br \/>3 Avenue Ren\u00e9 Laennec<br \/>72000 Le Mans<br \/>Telephone: 07 56 83 87 77<br \/><a href=\"https:\/\/topicimes.pro\/\" target=\"_blank\" rel=\"noopener\">https:\/\/topicimes.pro\/<\/a><\/p>\t\t\t\t\t\t\t\t<\/div>\n\t\t\t\t<div class=\"elementor-element elementor-element-5f2532b elementor-widget elementor-widget-heading\" data-id=\"5f2532b\" data-element_type=\"widget\" data-e-type=\"widget\" data-widget_type=\"heading.default\">\n\t\t\t\t\t<h2 class=\"elementor-heading-title elementor-size-default\">Host<\/h2>\t\t\t\t<\/div>\n\t\t\t\t<div class=\"elementor-element elementor-element-b9430bc elementor-widget__width-initial elementor-widget-mobile__width-inherit elementor-widget elementor-widget-text-editor\" data-id=\"b9430bc\" data-element_type=\"widget\" data-e-type=\"widget\" data-widget_type=\"text-editor.default\">\n\t\t\t\t\t\t\t\t\t<p>Kinsta Inc.<br \/>Clarkesville, GA 30523<br \/>United States<br \/>legal@kinsta.com<\/p>\t\t\t\t\t\t\t\t<\/div>\n\t\t\t\t\t<\/div>\n\t\t\t\t<\/div>\n\t\t\t\t<\/div>","protected":false},"excerpt":{"rendered":"<p>Mentions l\u00e9gales Responsabilit\u00e9 \u00e9ditoriale Monsieur Romain de Lambert est le responsable \u00e9ditoriale du site guides-meribel.com Soci\u00e9t\u00e9 Synd Local Guides Accomp Vall\u00e9e M\u00e9ribel &#8211; Bureau des Guides de M\u00e9ribelOffice de Tourisme de M\u00e9ribel73550, Les AlluesSIRET : 478 320 369 00018Soci\u00e9t\u00e9 civile de moyens R\u00e9alisation Topicimes &#8211; Agence Web \u00e0 Le Mans3 Avenue Ren\u00e9 Laennec72000 Le MansT\u00e9l\u00e9phone [&hellip;]<\/p>\n","protected":false},"author":1,"featured_media":0,"parent":0,"menu_order":0,"comment_status":"closed","ping_status":"closed","template":"","meta":{"footnotes":""},"class_list":["post-21","page","type-page","status-publish","hentry"],"_links":{"self":[{"href":"https:\/\/guides-meribel.com\/en\/wp-json\/wp\/v2\/pages\/21","targetHints":{"allow":["GET"]}}],"collection":[{"href":"https:\/\/guides-meribel.com\/en\/wp-json\/wp\/v2\/pages"}],"about":[{"href":"https:\/\/guides-meribel.com\/en\/wp-json\/wp\/v2\/types\/page"}],"author":[{"embeddable":true,"href":"https:\/\/guides-meribel.com\/en\/wp-json\/wp\/v2\/users\/1"}],"replies":[{"embeddable":true,"href":"https:\/\/guides-meribel.com\/en\/wp-json\/wp\/v2\/comments?post=21"}],"version-history":[{"count":0,"href":"https:\/\/guides-meribel.com\/en\/wp-json\/wp\/v2\/pages\/21\/revisions"}],"wp:attachment":[{"href":"https:\/\/guides-meribel.com\/en\/wp-json\/wp\/v2\/media?parent=21"}],"curies":[{"name":"wp","href":"https:\/\/api.w.org\/{rel}","templated":true}]}}